{"id":84441,"date":"2026-01-17T13:00:09","date_gmt":"2026-01-17T17:00:09","guid":{"rendered":"https:\/\/www.mundoacuicola.cl\/new\/?page_id=84441"},"modified":"2026-01-17T13:51:06","modified_gmt":"2026-01-17T17:51:06","slug":"salmon-meets-2026","status":"publish","type":"page","link":"https:\/\/www.mundoacuicola.cl\/new\/salmon-meets-2026\/","title":{"rendered":"Salm\u00f3n Meets 2026"},"content":{"rendered":"<p><img fetchpriority=\"high\" decoding=\"async\" class=\"aligncenter wp-image-84454 size-full\" src=\"https:\/\/www.mundoacuicola.cl\/new\/wp-content\/uploads\/2026\/01\/auspiciadores-e1768672256877.png\" alt=\"\" width=\"895\" height=\"119\" srcset=\"https:\/\/www.mundoacuicola.cl\/new\/wp-content\/uploads\/2026\/01\/auspiciadores-e1768672256877.png 895w, https:\/\/www.mundoacuicola.cl\/new\/wp-content\/uploads\/2026\/01\/auspiciadores-e1768672256877-500x66.png 500w, https:\/\/www.mundoacuicola.cl\/new\/wp-content\/uploads\/2026\/01\/auspiciadores-e1768672256877-420x56.png 420w, https:\/\/www.mundoacuicola.cl\/new\/wp-content\/uploads\/2026\/01\/auspiciadores-e1768672256877-750x100.png 750w, https:\/\/www.mundoacuicola.cl\/new\/wp-content\/uploads\/2026\/01\/auspiciadores-e1768672256877-768x102.png 768w\" sizes=\"(max-width: 895px) 100vw, 895px\" \/><\/p>\n<section class=\"salmon-50\" style=\"font-family: inherit; color: #2e2e2e;\">\n<div style=\"background: #0A4C6A; color: #ffffff; padding: 40px 30px;\">\n<h1 style=\"margin-bottom: 10px; text-align: left;\"><a href=\"https:\/\/www.mundoacuicola.cl\/new\/wp-content\/uploads\/2026\/01\/50anos.png\"><img decoding=\"async\" class=\"size-medium wp-image-84442 alignleft\" src=\"https:\/\/www.mundoacuicola.cl\/new\/wp-content\/uploads\/2026\/01\/50anos-338x225.png\" alt=\"\" width=\"338\" height=\"225\" srcset=\"https:\/\/www.mundoacuicola.cl\/new\/wp-content\/uploads\/2026\/01\/50anos-338x225.png 338w, https:\/\/www.mundoacuicola.cl\/new\/wp-content\/uploads\/2026\/01\/50anos-500x333.png 500w, https:\/\/www.mundoacuicola.cl\/new\/wp-content\/uploads\/2026\/01\/50anos-600x400.png 600w, https:\/\/www.mundoacuicola.cl\/new\/wp-content\/uploads\/2026\/01\/50anos-768x512.png 768w, https:\/\/www.mundoacuicola.cl\/new\/wp-content\/uploads\/2026\/01\/50anos-1024x683.png 1024w, https:\/\/www.mundoacuicola.cl\/new\/wp-content\/uploads\/2026\/01\/50anos.png 1536w\" sizes=\"(max-width: 338px) 100vw, 338px\" \/><\/a><\/h1>\n<p style=\"max-width: 900px; text-align: left;\">\u201c50 a\u00f1os de salmonicultura en Chile: medio siglo de historia y desarrollo\u201d<br \/>\n\u201cAvances, desaf\u00edos y oportunidades de una industria que ha marcado el desarrollo del pa\u00eds.\u201d<\/p>\n<\/div>\n<section style=\"padding: 40px 30px; background: #FFFFFF;\">En 2026, la industria del salm\u00f3n conmemora cinco d\u00e9cadas desde el inicio de sus<br \/>\noperaciones en Chile, un camino que comenz\u00f3 en 1974 con la puesta en marcha<br \/>\nde la Piscicultura R\u00edo Pescado, hito fundacional de la salmonicultura nacional. Esta conmemoraci\u00f3n reunir\u00e1 a autoridades nacionales y regionales, l\u00edderes empresariales,<br \/>\ngremios, proveedores, acad\u00e9micos, investigadores y actores clave del ecosistema acu\u00edcola,<br \/>\nen una jornada hist\u00f3rica de reflexi\u00f3n, reconocimiento y visi\u00f3n de futuro.\u00a0<\/section>\n<section><\/section>\n<section style=\"background: #F4F6F7; padding: 40px 30px;\">\n<h3 style=\"color: #0a4c6a;\">Detalles del Evento<\/h3>\n<ul>\n<li><strong>Fecha:<\/strong> 28 de mayo de 2026<\/li>\n<li><strong>Lugar:<\/strong> Centro de Vinculaci\u00f3n EMPORMONTT, Puerto Montt<\/li>\n<li><strong>Organiza:<\/strong> Mundo Acu\u00edcola<\/li>\n<li><strong>Participaci\u00f3n:<\/strong> Auspiciadores Premium, Gold y Silver<\/li>\n<\/ul>\n<p>El evento contar\u00e1 con la participaci\u00f3n del Presidente de la Rep\u00fablica, ministros,<br \/>\nsubsecretarios, gobernadores regionales, alcaldes y embajadores de pa\u00edses estrat\u00e9gicos<br \/>\ncomo Noruega, Estados Unidos, China, Jap\u00f3n y Brasil, reflejando la relevancia global<br \/>\nde la salmonicultura chilena.<\/p>\n<\/section>\n<section style=\"padding: 40px 30px;\">\n<h3 style=\"color: #2fa37a;\">Reconocimientos \u2013 Premio Salm\u00f3n<\/h3>\n<p>Como eje central de esta celebraci\u00f3n, se entregar\u00e1n reconocimientos en nueve categor\u00edas,<br \/>\ndestacando a personas, instituciones y proyectos que han sido fundamentales para el<br \/>\ncrecimiento, sostenibilidad y competitividad de la salmonicultura chilena.<\/p>\n<ol>\n<li><strong>Trayectoria Hist\u00f3rica<\/strong><\/li>\n<li><strong>Orgullo de la Industria<\/strong><\/li>\n<li><strong>Innovaci\u00f3n y Desarrollo Tecnol\u00f3gico<\/strong><\/li>\n<li><strong>Sostenibilidad Ambiental<\/strong><\/li>\n<li><strong>Responsabilidad Social y Comunitaria<\/strong><\/li>\n<li><strong>Desempe\u00f1o Productivo<\/strong><\/li>\n<li><strong>Liderazgo y Emprendimiento<\/strong><\/li>\n<li><strong>Compromiso con la Ciencia<\/strong><\/li>\n<li><strong>Sostenibilidad Econ\u00f3mica y de Mercado<\/strong><\/li>\n<\/ol>\n<p>Estos premios buscan consolidar un legado que combine historia, innovaci\u00f3n y<br \/>\nproyecci\u00f3n, transform\u00e1ndose en incentivos reales para el desarrollo futuro del sector.<\/p>\n<\/section>\n<section style=\"background: #F4F6F7; padding: 40px 30px;\">\n<h3 style=\"color: #0a4c6a; text-align: left;\">Programa General<\/h3>\n<h4 style=\"text-align: left;\">Ma\u00f1ana<\/h4>\n<ul style=\"text-align: left;\">\n<li>08:30 \u2013 Acreditaci\u00f3n<\/li>\n<li>09:00 \u2013 Ceremonia inaugural y discursos oficiales<\/li>\n<li>Video conmemorativo 50 a\u00f1os<\/li>\n<li>Panel: Pasado y presente de la acuicultura<\/li>\n<li>13:30 \u2013 Almuerzo<\/li>\n<\/ul>\n<h4 style=\"text-align: left;\">Tarde<\/h4>\n<ul>\n<li style=\"text-align: left;\">14:30 \u2013 Discursos sectoriales<\/li>\n<li style=\"text-align: left;\">Premiaci\u00f3n categor\u00edas<\/li>\n<li style=\"text-align: left;\">Panel intersectorial de proyecci\u00f3n pa\u00eds<\/li>\n<li style=\"text-align: left;\">18:00 \u2013 Cocktail oficial 50 a\u00f1os<\/li>\n<\/ul>\n<\/section>\n<section style=\"padding: 40px 30px; background: #2FA37A; color: #ffffff;\">\n<h3 style=\"text-align: left;\">Una celebraci\u00f3n con visi\u00f3n de futuro<\/h3>\n<p style=\"text-align: left;\">Esta conmemoraci\u00f3n no es solo un acto simb\u00f3lico, sino un hito estrat\u00e9gico para<br \/>\nproyectar una industria moderna, sostenible, innovadora y profundamente conectada<br \/>\ncon los territorios y las personas que la hacen posible.<\/p>\n<\/section>\n<\/section>\n","protected":false},"excerpt":{"rendered":"<p>\u201c50 a\u00f1os de salmonicultura en Chile: medio siglo de historia y desarrollo\u201d \u201cAvances, desaf\u00edos y&#8230;<\/p>\n","protected":false},"author":1,"featured_media":84442,"parent":0,"menu_order":0,"comment_status":"closed","ping_status":"closed","template":"","meta":{"footnotes":""},"class_list":["post-84441","page","type-page","status-publish","has-post-thumbnail","hentry"],"yoast_head":"<!-- This site is optimized with the Yoast SEO plugin v27.4 - https:\/\/yoast.com\/product\/yoast-seo-wordpress\/ -->\n<title>Salm\u00f3n Meets 2026 - Mundoacuicola<\/title>\n<meta name=\"robots\" content=\"index, follow, max-snippet:-1, max-image-preview:large, max-video-preview:-1\" \/>\n<link rel=\"canonical\" href=\"https:\/\/www.mundoacuicola.cl\/new\/salmon-meets-2026\/\" \/>\n<meta property=\"og:locale\" content=\"es_ES\" \/>\n<meta property=\"og:type\" content=\"article\" \/>\n<meta property=\"og:title\" content=\"Salm\u00f3n Meets 2026 - Mundoacuicola\" \/>\n<meta property=\"og:description\" content=\"\u201c50 a\u00f1os de salmonicultura en Chile: medio siglo de historia y desarrollo\u201d \u201cAvances, desaf\u00edos y...\" \/>\n<meta property=\"og:url\" content=\"https:\/\/www.mundoacuicola.cl\/new\/salmon-meets-2026\/\" \/>\n<meta property=\"og:site_name\" content=\"Mundoacuicola\" \/>\n<meta property=\"article:publisher\" content=\"https:\/\/www.facebook.com\/mundo.acuicola\/\" \/>\n<meta property=\"article:modified_time\" content=\"2026-01-17T17:51:06+00:00\" \/>\n<meta property=\"og:image\" content=\"https:\/\/www.mundoacuicola.cl\/new\/wp-content\/uploads\/2026\/01\/50anos-600x400.png\" \/>\n\t<meta property=\"og:image:width\" content=\"600\" \/>\n\t<meta property=\"og:image:height\" content=\"400\" \/>\n\t<meta property=\"og:image:type\" content=\"image\/png\" \/>\n<meta name=\"twitter:card\" content=\"summary_large_image\" \/>\n<meta name=\"twitter:site\" content=\"@mundoacuicola\" \/>\n<meta name=\"twitter:label1\" content=\"Tiempo de lectura\" \/>\n\t<meta name=\"twitter:data1\" content=\"3 minutos\" \/>\n<script type=\"application\/ld+json\" class=\"yoast-schema-graph\">{\"@context\":\"https:\\\/\\\/schema.org\",\"@graph\":[{\"@type\":\"WebPage\",\"@id\":\"https:\\\/\\\/www.mundoacuicola.cl\\\/new\\\/salmon-meets-2026\\\/\",\"url\":\"https:\\\/\\\/www.mundoacuicola.cl\\\/new\\\/salmon-meets-2026\\\/\",\"name\":\"Salm\u00f3n Meets 2026 - Mundoacuicola\",\"isPartOf\":{\"@id\":\"https:\\\/\\\/www.mundoacuicola.cl\\\/new\\\/#website\"},\"primaryImageOfPage\":{\"@id\":\"https:\\\/\\\/www.mundoacuicola.cl\\\/new\\\/salmon-meets-2026\\\/#primaryimage\"},\"image\":{\"@id\":\"https:\\\/\\\/www.mundoacuicola.cl\\\/new\\\/salmon-meets-2026\\\/#primaryimage\"},\"thumbnailUrl\":\"https:\\\/\\\/www.mundoacuicola.cl\\\/new\\\/wp-content\\\/uploads\\\/2026\\\/01\\\/50anos.png\",\"datePublished\":\"2026-01-17T17:00:09+00:00\",\"dateModified\":\"2026-01-17T17:51:06+00:00\",\"breadcrumb\":{\"@id\":\"https:\\\/\\\/www.mundoacuicola.cl\\\/new\\\/salmon-meets-2026\\\/#breadcrumb\"},\"inLanguage\":\"es\",\"potentialAction\":[{\"@type\":\"ReadAction\",\"target\":[\"https:\\\/\\\/www.mundoacuicola.cl\\\/new\\\/salmon-meets-2026\\\/\"]}]},{\"@type\":\"ImageObject\",\"inLanguage\":\"es\",\"@id\":\"https:\\\/\\\/www.mundoacuicola.cl\\\/new\\\/salmon-meets-2026\\\/#primaryimage\",\"url\":\"https:\\\/\\\/www.mundoacuicola.cl\\\/new\\\/wp-content\\\/uploads\\\/2026\\\/01\\\/50anos.png\",\"contentUrl\":\"https:\\\/\\\/www.mundoacuicola.cl\\\/new\\\/wp-content\\\/uploads\\\/2026\\\/01\\\/50anos.png\",\"width\":1536,\"height\":1024},{\"@type\":\"BreadcrumbList\",\"@id\":\"https:\\\/\\\/www.mundoacuicola.cl\\\/new\\\/salmon-meets-2026\\\/#breadcrumb\",\"itemListElement\":[{\"@type\":\"ListItem\",\"position\":1,\"name\":\"Portada\",\"item\":\"https:\\\/\\\/www.mundoacuicola.cl\\\/new\\\/\"},{\"@type\":\"ListItem\",\"position\":2,\"name\":\"Salm\u00f3n Meets 2026\"}]},{\"@type\":\"WebSite\",\"@id\":\"https:\\\/\\\/www.mundoacuicola.cl\\\/new\\\/#website\",\"url\":\"https:\\\/\\\/www.mundoacuicola.cl\\\/new\\\/\",\"name\":\"Mundoacuicola\",\"description\":\"Revista de Acuicultura.\",\"publisher\":{\"@id\":\"https:\\\/\\\/www.mundoacuicola.cl\\\/new\\\/#organization\"},\"potentialAction\":[{\"@type\":\"SearchAction\",\"target\":{\"@type\":\"EntryPoint\",\"urlTemplate\":\"https:\\\/\\\/www.mundoacuicola.cl\\\/new\\\/?s={search_term_string}\"},\"query-input\":{\"@type\":\"PropertyValueSpecification\",\"valueRequired\":true,\"valueName\":\"search_term_string\"}}],\"inLanguage\":\"es\"},{\"@type\":\"Organization\",\"@id\":\"https:\\\/\\\/www.mundoacuicola.cl\\\/new\\\/#organization\",\"name\":\"Mundoacuicola\",\"url\":\"https:\\\/\\\/www.mundoacuicola.cl\\\/new\\\/\",\"logo\":{\"@type\":\"ImageObject\",\"inLanguage\":\"es\",\"@id\":\"https:\\\/\\\/www.mundoacuicola.cl\\\/new\\\/#\\\/schema\\\/logo\\\/image\\\/\",\"url\":\"https:\\\/\\\/www.mundoacuicola.cl\\\/new\\\/wp-content\\\/uploads\\\/2026\\\/01\\\/cropped-LOGO-Mundo-Acuicola-2026.png\",\"contentUrl\":\"https:\\\/\\\/www.mundoacuicola.cl\\\/new\\\/wp-content\\\/uploads\\\/2026\\\/01\\\/cropped-LOGO-Mundo-Acuicola-2026.png\",\"width\":1252,\"height\":296,\"caption\":\"Mundoacuicola\"},\"image\":{\"@id\":\"https:\\\/\\\/www.mundoacuicola.cl\\\/new\\\/#\\\/schema\\\/logo\\\/image\\\/\"},\"sameAs\":[\"https:\\\/\\\/www.facebook.com\\\/mundo.acuicola\\\/\",\"https:\\\/\\\/x.com\\\/mundoacuicola\",\"https:\\\/\\\/www.linkedin.com\\\/in\\\/mundo-acuicola\"]}]}<\/script>\n<!-- \/ Yoast SEO plugin. -->","yoast_head_json":{"title":"Salm\u00f3n Meets 2026 - Mundoacuicola","robots":{"index":"index","follow":"follow","max-snippet":"max-snippet:-1","max-image-preview":"max-image-preview:large","max-video-preview":"max-video-preview:-1"},"canonical":"https:\/\/www.mundoacuicola.cl\/new\/salmon-meets-2026\/","og_locale":"es_ES","og_type":"article","og_title":"Salm\u00f3n Meets 2026 - Mundoacuicola","og_description":"\u201c50 a\u00f1os de salmonicultura en Chile: medio siglo de historia y desarrollo\u201d \u201cAvances, desaf\u00edos y...","og_url":"https:\/\/www.mundoacuicola.cl\/new\/salmon-meets-2026\/","og_site_name":"Mundoacuicola","article_publisher":"https:\/\/www.facebook.com\/mundo.acuicola\/","article_modified_time":"2026-01-17T17:51:06+00:00","og_image":[{"width":600,"height":400,"url":"https:\/\/www.mundoacuicola.cl\/new\/wp-content\/uploads\/2026\/01\/50anos-600x400.png","type":"image\/png"}],"twitter_card":"summary_large_image","twitter_site":"@mundoacuicola","twitter_misc":{"Tiempo de lectura":"3 minutos"},"schema":{"@context":"https:\/\/schema.org","@graph":[{"@type":"WebPage","@id":"https:\/\/www.mundoacuicola.cl\/new\/salmon-meets-2026\/","url":"https:\/\/www.mundoacuicola.cl\/new\/salmon-meets-2026\/","name":"Salm\u00f3n Meets 2026 - Mundoacuicola","isPartOf":{"@id":"https:\/\/www.mundoacuicola.cl\/new\/#website"},"primaryImageOfPage":{"@id":"https:\/\/www.mundoacuicola.cl\/new\/salmon-meets-2026\/#primaryimage"},"image":{"@id":"https:\/\/www.mundoacuicola.cl\/new\/salmon-meets-2026\/#primaryimage"},"thumbnailUrl":"https:\/\/www.mundoacuicola.cl\/new\/wp-content\/uploads\/2026\/01\/50anos.png","datePublished":"2026-01-17T17:00:09+00:00","dateModified":"2026-01-17T17:51:06+00:00","breadcrumb":{"@id":"https:\/\/www.mundoacuicola.cl\/new\/salmon-meets-2026\/#breadcrumb"},"inLanguage":"es","potentialAction":[{"@type":"ReadAction","target":["https:\/\/www.mundoacuicola.cl\/new\/salmon-meets-2026\/"]}]},{"@type":"ImageObject","inLanguage":"es","@id":"https:\/\/www.mundoacuicola.cl\/new\/salmon-meets-2026\/#primaryimage","url":"https:\/\/www.mundoacuicola.cl\/new\/wp-content\/uploads\/2026\/01\/50anos.png","contentUrl":"https:\/\/www.mundoacuicola.cl\/new\/wp-content\/uploads\/2026\/01\/50anos.png","width":1536,"height":1024},{"@type":"BreadcrumbList","@id":"https:\/\/www.mundoacuicola.cl\/new\/salmon-meets-2026\/#breadcrumb","itemListElement":[{"@type":"ListItem","position":1,"name":"Portada","item":"https:\/\/www.mundoacuicola.cl\/new\/"},{"@type":"ListItem","position":2,"name":"Salm\u00f3n Meets 2026"}]},{"@type":"WebSite","@id":"https:\/\/www.mundoacuicola.cl\/new\/#website","url":"https:\/\/www.mundoacuicola.cl\/new\/","name":"Mundoacuicola","description":"Revista de Acuicultura.","publisher":{"@id":"https:\/\/www.mundoacuicola.cl\/new\/#organization"},"potentialAction":[{"@type":"SearchAction","target":{"@type":"EntryPoint","urlTemplate":"https:\/\/www.mundoacuicola.cl\/new\/?s={search_term_string}"},"query-input":{"@type":"PropertyValueSpecification","valueRequired":true,"valueName":"search_term_string"}}],"inLanguage":"es"},{"@type":"Organization","@id":"https:\/\/www.mundoacuicola.cl\/new\/#organization","name":"Mundoacuicola","url":"https:\/\/www.mundoacuicola.cl\/new\/","logo":{"@type":"ImageObject","inLanguage":"es","@id":"https:\/\/www.mundoacuicola.cl\/new\/#\/schema\/logo\/image\/","url":"https:\/\/www.mundoacuicola.cl\/new\/wp-content\/uploads\/2026\/01\/cropped-LOGO-Mundo-Acuicola-2026.png","contentUrl":"https:\/\/www.mundoacuicola.cl\/new\/wp-content\/uploads\/2026\/01\/cropped-LOGO-Mundo-Acuicola-2026.png","width":1252,"height":296,"caption":"Mundoacuicola"},"image":{"@id":"https:\/\/www.mundoacuicola.cl\/new\/#\/schema\/logo\/image\/"},"sameAs":["https:\/\/www.facebook.com\/mundo.acuicola\/","https:\/\/x.com\/mundoacuicola","https:\/\/www.linkedin.com\/in\/mundo-acuicola"]}]}},"_links":{"self":[{"href":"https:\/\/www.mundoacuicola.cl\/new\/wp-json\/wp\/v2\/pages\/84441","targetHints":{"allow":["GET"]}}],"collection":[{"href":"https:\/\/www.mundoacuicola.cl\/new\/wp-json\/wp\/v2\/pages"}],"about":[{"href":"https:\/\/www.mundoacuicola.cl\/new\/wp-json\/wp\/v2\/types\/page"}],"author":[{"embeddable":true,"href":"https:\/\/www.mundoacuicola.cl\/new\/wp-json\/wp\/v2\/users\/1"}],"replies":[{"embeddable":true,"href":"https:\/\/www.mundoacuicola.cl\/new\/wp-json\/wp\/v2\/comments?post=84441"}],"version-history":[{"count":0,"href":"https:\/\/www.mundoacuicola.cl\/new\/wp-json\/wp\/v2\/pages\/84441\/revisions"}],"wp:featuredmedia":[{"embeddable":true,"href":"https:\/\/www.mundoacuicola.cl\/new\/wp-json\/wp\/v2\/media\/84442"}],"wp:attachment":[{"href":"https:\/\/www.mundoacuicola.cl\/new\/wp-json\/wp\/v2\/media?parent=84441"}],"curies":[{"name":"wp","href":"https:\/\/api.w.org\/{rel}","templated":true}]}}